{"id":1326,"date":"2022-12-17T20:22:21","date_gmt":"2022-12-17T20:22:21","guid":{"rendered":"https:\/\/ddvc.mx\/?page_id=1326"},"modified":"2024-10-09T21:56:56","modified_gmt":"2024-10-09T21:56:56","slug":"blog","status":"publish","type":"page","link":"https:\/\/ddvc.mx\/index.php\/blog\/","title":{"rendered":"Estudiantes"},"content":{"rendered":"\t\t<div data-elementor-type=\"wp-page\" data-elementor-id=\"1326\" class=\"elementor elementor-1326\">\n\t\t\t\t\t\t<section class=\"elementor-section elementor-top-section elementor-element elementor-element-3497f2e elementor-section-boxed elementor-section-height-default elementor-section-height-default\" data-id=\"3497f2e\" data-element_type=\"section\" data-e-type=\"section\">\n\t\t\t\t\t\t<div class=\"elementor-container elementor-column-gap-default\">\n\t\t\t\t\t<div class=\"elementor-column elementor-col-100 elementor-top-column elementor-element elementor-element-35f0020\" data-id=\"35f0020\" data-element_type=\"column\" data-e-type=\"column\">\n\t\t\t<div class=\"elementor-widget-wrap elementor-element-populated\">\n\t\t\t\t\t\t<div class=\"elementor-element elementor-element-d804155 elementor-widget elementor-widget-text-editor\" data-id=\"d804155\" data-element_type=\"widget\" data-e-type=\"widget\" data-widget_type=\"text-editor.default\">\n\t\t\t\t<div class=\"elementor-widget-container\">\n\t\t\t\t\t\t\t\t\t<h1 style=\"text-align: center;\"><strong><span style=\"color: #02a8f4; font-size: 50px; font-family: Montserrat;\">Estudiantes<\/span><\/strong><\/h1>\t\t\t\t\t\t\t\t<\/div>\n\t\t\t\t<\/div>\n\t\t\t\t<div class=\"elementor-element elementor-element-d2055c0 elementor-widget elementor-widget-text-editor\" data-id=\"d2055c0\" data-element_type=\"widget\" data-e-type=\"widget\" data-widget_type=\"text-editor.default\">\n\t\t\t\t<div class=\"elementor-widget-container\">\n\t\t\t\t\t\t\t\t\t<h4><strong><span style=\"color: #1c4e99;\">\u00a1Bienvenidos a la lista de materiales por universidades,\u00a0<\/span><\/strong><strong style=\"font-family: Montserrat, sans-serif; font-size: 22px;\"><span style=\"color: #1c4e99;\">un recurso invaluable para la comunidad estudiantil!<\/span><\/strong><\/h4><p>Nos complace presentarles una herramienta integral que brindar\u00e1 informaci\u00f3n actualizada sobre programas de odontolog\u00eda de diversas universidades de M\u00e9xico.<\/p>\t\t\t\t\t\t\t\t<\/div>\n\t\t\t\t<\/div>\n\t\t\t\t<div class=\"elementor-element elementor-element-0565401 elementor-widget elementor-widget-image\" data-id=\"0565401\" data-element_type=\"widget\" data-e-type=\"widget\" data-widget_type=\"image.default\">\n\t\t\t\t<div class=\"elementor-widget-container\">\n\t\t\t\t\t\t\t\t\t\t\t\t\t\t\t\t<a href=\"https:\/\/indd.adobe.com\/view\/e89a5f5d-17e8-456b-a4d0-ad75654e36a7\" target=\"_blank\">\n\t\t\t\t\t\t\t<img fetchpriority=\"high\" decoding=\"async\" width=\"768\" height=\"1066\" src=\"https:\/\/ddvc.mx\/wp-content\/uploads\/2022\/12\/Portada-Lista-Universidades.jpg\" class=\"attachment-medium_large size-medium_large wp-image-1348\" alt=\"\" \/>\t\t\t\t\t\t\t\t<\/a>\n\t\t\t\t\t\t\t\t\t\t\t\t\t\t\t<\/div>\n\t\t\t\t<\/div>\n\t\t\t\t<section class=\"elementor-section elementor-inner-section elementor-element elementor-element-8045aad elementor-section-boxed elementor-section-height-default elementor-section-height-default\" data-id=\"8045aad\" data-element_type=\"section\" data-e-type=\"section\">\n\t\t\t\t\t\t<div class=\"elementor-container elementor-column-gap-default\">\n\t\t\t\t\t<div class=\"elementor-column elementor-col-50 elementor-inner-column elementor-element elementor-element-1acda81\" data-id=\"1acda81\" data-element_type=\"column\" data-e-type=\"column\">\n\t\t\t<div class=\"elementor-widget-wrap\">\n\t\t\t\t\t\t\t<\/div>\n\t\t<\/div>\n\t\t\t\t<div class=\"elementor-column elementor-col-50 elementor-inner-column elementor-element elementor-element-7fb8e2e\" data-id=\"7fb8e2e\" data-element_type=\"column\" data-e-type=\"column\">\n\t\t\t<div class=\"elementor-widget-wrap\">\n\t\t\t\t\t\t\t<\/div>\n\t\t<\/div>\n\t\t\t\t\t<\/div>\n\t\t<\/section>\n\t\t\t\t\t<\/div>\n\t\t<\/div>\n\t\t\t\t\t<\/div>\n\t\t<\/section>\n\t\t\t\t<\/div>\n\t\t","protected":false},"excerpt":{"rendered":"<p>Estudiantes \u00a1Bienvenidos a la lista de materiales por universidades,\u00a0un recurso invaluable para la comunidad estudiantil! Nos complace presentarles una herramienta integral que brindar\u00e1 informaci\u00f3n actualizada sobre programas de odontolog\u00eda de diversas universidades de M\u00e9xico.<\/p>\n","protected":false},"author":1,"featured_media":0,"parent":0,"menu_order":0,"comment_status":"closed","ping_status":"closed","template":"","meta":{"footnotes":""},"class_list":["post-1326","page","type-page","status-publish","hentry","clearfix"],"_links":{"self":[{"href":"https:\/\/ddvc.mx\/index.php\/wp-json\/wp\/v2\/pages\/1326","targetHints":{"allow":["GET"]}}],"collection":[{"href":"https:\/\/ddvc.mx\/index.php\/wp-json\/wp\/v2\/pages"}],"about":[{"href":"https:\/\/ddvc.mx\/index.php\/wp-json\/wp\/v2\/types\/page"}],"author":[{"embeddable":true,"href":"https:\/\/ddvc.mx\/index.php\/wp-json\/wp\/v2\/users\/1"}],"replies":[{"embeddable":true,"href":"https:\/\/ddvc.mx\/index.php\/wp-json\/wp\/v2\/comments?post=1326"}],"version-history":[{"count":29,"href":"https:\/\/ddvc.mx\/index.php\/wp-json\/wp\/v2\/pages\/1326\/revisions"}],"predecessor-version":[{"id":2516,"href":"https:\/\/ddvc.mx\/index.php\/wp-json\/wp\/v2\/pages\/1326\/revisions\/2516"}],"wp:attachment":[{"href":"https:\/\/ddvc.mx\/index.php\/wp-json\/wp\/v2\/media?parent=1326"}],"curies":[{"name":"wp","href":"https:\/\/api.w.org\/{rel}","templated":true}]}}