{"id":2624,"date":"2024-10-15T00:10:52","date_gmt":"2024-10-15T00:10:52","guid":{"rendered":"https:\/\/ddvc.mx\/?page_id=2624"},"modified":"2024-10-15T04:58:25","modified_gmt":"2024-10-15T04:58:25","slug":"politica-cookies","status":"publish","type":"page","link":"https:\/\/ddvc.mx\/index.php\/politica-cookies\/","title":{"rendered":"Pol\u00edtica de cookies"},"content":{"rendered":"\t\t<div data-elementor-type=\"wp-page\" data-elementor-id=\"2624\" class=\"elementor elementor-2624\">\n\t\t\t\t\t\t<section class=\"elementor-section elementor-top-section elementor-element elementor-element-89b3e84 elementor-section-boxed elementor-section-height-default elementor-section-height-default\" data-id=\"89b3e84\" data-element_type=\"section\" data-e-type=\"section\">\n\t\t\t\t\t\t<div class=\"elementor-container elementor-column-gap-default\">\n\t\t\t\t\t<div class=\"elementor-column elementor-col-100 elementor-top-column elementor-element elementor-element-c7c900e\" data-id=\"c7c900e\" data-element_type=\"column\" data-e-type=\"column\">\n\t\t\t<div class=\"elementor-widget-wrap elementor-element-populated\">\n\t\t\t\t\t\t<div class=\"elementor-element elementor-element-5433663 elementor-widget elementor-widget-text-editor\" data-id=\"5433663\" data-element_type=\"widget\" data-e-type=\"widget\" data-widget_type=\"text-editor.default\">\n\t\t\t\t<div class=\"elementor-widget-container\">\n\t\t\t\t\t\t\t\t\t<h1 style=\"text-align: center;\"><strong><span style=\"color: #0155a3; font-size: 50px; font-family: Montserrat;\">Pol\u00edticas de<\/span><\/strong><\/h1>\t\t\t\t\t\t\t\t<\/div>\n\t\t\t\t<\/div>\n\t\t\t\t<div class=\"elementor-element elementor-element-954f860 elementor-widget elementor-widget-text-editor\" data-id=\"954f860\" data-element_type=\"widget\" data-e-type=\"widget\" data-widget_type=\"text-editor.default\">\n\t\t\t\t<div class=\"elementor-widget-container\">\n\t\t\t\t\t\t\t\t\t<h1 style=\"text-align: center;\"><strong><span style=\"color: #02a8f4; font-size: 50px; font-family: Montserrat;\">cookies<\/span><\/strong><\/h1>\t\t\t\t\t\t\t\t<\/div>\n\t\t\t\t<\/div>\n\t\t\t\t<div class=\"elementor-element elementor-element-fcc5187 elementor-widget elementor-widget-text-editor\" data-id=\"fcc5187\" data-element_type=\"widget\" data-e-type=\"widget\" data-widget_type=\"text-editor.default\">\n\t\t\t\t<div class=\"elementor-widget-container\">\n\t\t\t\t\t\t\t\t\t<p style=\"font-size: 18px; color: black; font-family: Montserrat; line-height: 100%; font-weight: 300;\">Usamos cookies propias y de terceros, y procesos similares para analizar el tr\u00e1fico, las estad\u00edsticas y la navegaci\u00f3n web; gestionar sesiones de usuario, contenido en redes sociales, contenidos publicitarios y no publicitarios, medir las preferencias de nuestros visitantes con el objetivo de desarrollar y mejorar.<\/p>\t\t\t\t\t\t\t\t<\/div>\n\t\t\t\t<\/div>\n\t\t\t\t<div class=\"elementor-element elementor-element-ceaad2d elementor-widget elementor-widget-heading\" data-id=\"ceaad2d\" data-element_type=\"widget\" data-e-type=\"widget\" data-widget_type=\"heading.default\">\n\t\t\t\t<div class=\"elementor-widget-container\">\n\t\t\t\t\t<h2 class=\"elementor-heading-title elementor-size-default\">\u00bfQu\u00e9 es una cookie?<\/h2>\t\t\t\t<\/div>\n\t\t\t\t<\/div>\n\t\t\t\t<div class=\"elementor-element elementor-element-1189027 elementor-widget elementor-widget-text-editor\" data-id=\"1189027\" data-element_type=\"widget\" data-e-type=\"widget\" data-widget_type=\"text-editor.default\">\n\t\t\t\t<div class=\"elementor-widget-container\">\n\t\t\t\t\t\t\t\t\t<p style=\"text-align: left; font-size: 22px; color: #02a8f4; font-family: 'Montserrat'; line-height: 100%; font-weight: 600; padding-left: 40px;\"><span style=\"color: black; font-family: Montserrat; font-size: 18px; font-weight: 300;\">Una cookie es un peque\u00f1o fichero de datos que un sitio web solicita al navegador que guarde en el ordenador o en el dispositivo m\u00f3vil del usuario. Gracias a esa cookie, el sitio web puede &#8220;recordar&#8221; las acciones o preferencias del usuario con el paso del tiempo.<\/span><\/p><p style=\"text-align: left; font-size: 22px; color: #02a8f4; font-family: 'Montserrat'; line-height: 100%; font-weight: 600; padding-left: 40px;\"><span style=\"color: black; font-family: Montserrat; font-size: 18px; font-weight: 300;\">La mayor\u00eda de los navegadores de internet admiten cookies; pero los usuarios pueden configurarlos para que no admitan determinados tipos de cookies o cookies espec\u00edficas. Los usuarios tambi\u00e9n pueden eliminar las cookies en cualquier momento.<\/span><\/p>\t\t\t\t\t\t\t\t<\/div>\n\t\t\t\t<\/div>\n\t\t\t\t<div class=\"elementor-element elementor-element-84cb0e8 elementor-widget elementor-widget-heading\" data-id=\"84cb0e8\" data-element_type=\"widget\" data-e-type=\"widget\" data-widget_type=\"heading.default\">\n\t\t\t\t<div class=\"elementor-widget-container\">\n\t\t\t\t\t<h2 class=\"elementor-heading-title elementor-size-default\">\u00bfPor qu\u00e9 usamos cookies?<\/h2>\t\t\t\t<\/div>\n\t\t\t\t<\/div>\n\t\t\t\t<div class=\"elementor-element elementor-element-02df7ba elementor-widget elementor-widget-text-editor\" data-id=\"02df7ba\" data-element_type=\"widget\" data-e-type=\"widget\" data-widget_type=\"text-editor.default\">\n\t\t\t\t<div class=\"elementor-widget-container\">\n\t\t\t\t\t\t\t\t\t<p style=\"text-align: left; font-size: 22px; color: #02a8f4; font-family: 'Montserrat'; line-height: 100%; font-weight: 600; padding-left: 40px;\"><span style=\"color: black; font-family: Montserrat; font-size: 18px; font-weight: 300;\">Utilizamos cookies para saber c\u00f3mo interact\u00faan los usuarios con el contenido y mejorar su experiencia cuando visitan nuestros sitios web. Por ejemplo, algunas cookies sirven para recordar el idioma o las preferencias del usuario, de modo que este no tiene que seleccionarlos cada vez que visita nuestros sitios web. Tambi\u00e9n utilizamos cookies para realizar un seguimiento de la ubicaci\u00f3n geogr\u00e1fica, de manera que podemos mostrar al usuario las ubicaciones de las oficinas de Deposito Dental Villa de Cortes. Por otra parte, las cookies nos permiten presentar al usuario contenido espec\u00edfico, como los v\u00eddeos incluidos en nuestros sitios web. Podemos utilizar lo que aprendemos sobre el comportamiento de los usuarios en los sitios web para presentarles una publicidad personalizada en sitios web de terceros, con la idea de volver a ofrecerle nuestros productos.<\/span><\/p>\t\t\t\t\t\t\t\t<\/div>\n\t\t\t\t<\/div>\n\t\t\t\t<div class=\"elementor-element elementor-element-3503ffc elementor-widget elementor-widget-heading\" data-id=\"3503ffc\" data-element_type=\"widget\" data-e-type=\"widget\" data-widget_type=\"heading.default\">\n\t\t\t\t<div class=\"elementor-widget-container\">\n\t\t\t\t\t<h2 class=\"elementor-heading-title elementor-size-default\">\u00bfQu\u00e9 tipos de cookies utilizamos?<\/h2>\t\t\t\t<\/div>\n\t\t\t\t<\/div>\n\t\t\t\t<div class=\"elementor-element elementor-element-97fb0e9 elementor-widget elementor-widget-text-editor\" data-id=\"97fb0e9\" data-element_type=\"widget\" data-e-type=\"widget\" data-widget_type=\"text-editor.default\">\n\t\t\t\t<div class=\"elementor-widget-container\">\n\t\t\t\t\t\t\t\t\t<p style=\"text-align: left; font-size: 22px; color: #02a8f4; font-family: 'Montserrat'; line-height: 100%; font-weight: 600; padding-left: 40px;\"><span style=\"color: black; font-family: Montserrat; font-size: 18px; font-weight: 300;\">Cookies propias y de terceros.<\/span><\/p><p style=\"text-align: left; font-size: 22px; color: #02a8f4; font-family: 'Montserrat'; line-height: 100%; font-weight: 600; padding-left: 40px;\"><span style=\"color: black; font-family: Montserrat; font-size: 18px; font-weight: 300;\">En nuestro sitio web utilizamos tanto cookies propias como de terceros.<\/span><\/p><p style=\"text-align: left; font-size: 22px; color: #02a8f4; font-family: 'Montserrat'; line-height: 100%; font-weight: 600; padding-left: 40px;\"><span style=\"color: black; font-family: Montserrat; font-size: 18px; font-weight: 300;\">Las cookies propias son cookies enviadas desde el dominio ddvc.mx<\/span><span style=\"color: black; font-family: Montserrat; font-size: 18px; font-weight: 300;\">, utilizadas generalmente para identificar preferencias y ubicaci\u00f3n o para ofrecer las funciones b\u00e1sicas del sitio.<\/span><\/p><p style=\"text-align: left; font-size: 22px; color: #02a8f4; font-family: 'Montserrat'; line-height: 100%; font-weight: 600; padding-left: 40px;\"><span style=\"color: black; font-family: Montserrat; font-size: 18px; font-weight: 300;\">Las cookies de terceros pertenecen a otras empresas y son gestionadas por estas (por ejemplo, proveedores de servicios o socios empresariales de Deposito Dental Villa de Cortes). Estas cookies podr\u00edan ser necesarias para facilitar determinados formularios o para permitir alg\u00fan tipo de publicidad fuera del sitio web de ddvc.mx. y para fines estad\u00edsticos<\/span><\/p>\t\t\t\t\t\t\t\t<\/div>\n\t\t\t\t<\/div>\n\t\t\t\t<div class=\"elementor-element elementor-element-05cd234 elementor-widget elementor-widget-heading\" data-id=\"05cd234\" data-element_type=\"widget\" data-e-type=\"widget\" data-widget_type=\"heading.default\">\n\t\t\t\t<div class=\"elementor-widget-container\">\n\t\t\t\t\t<h2 class=\"elementor-heading-title elementor-size-default\">Cookies permanentes<\/h2>\t\t\t\t<\/div>\n\t\t\t\t<\/div>\n\t\t\t\t<div class=\"elementor-element elementor-element-033f335 elementor-widget elementor-widget-text-editor\" data-id=\"033f335\" data-element_type=\"widget\" data-e-type=\"widget\" data-widget_type=\"text-editor.default\">\n\t\t\t\t<div class=\"elementor-widget-container\">\n\t\t\t\t\t\t\t\t\t<p style=\"text-align: left; font-size: 22px; color: #02a8f4; font-family: 'Montserrat'; line-height: 100%; font-weight: 600; padding-left: 40px;\"><span style=\"color: black; font-family: Montserrat; font-size: 18px; font-weight: 300;\">Se emplean para recordar las preferencias del usuario en el sitio web y permanecen en el ordenador o dispositivo m\u00f3vil incluso despu\u00e9s de que se haya cerrado el navegador o reiniciado el ordenador. Utilizamos estas cookies para analizar el comportamiento del usuario, con el fin de obtener patrones de visita y poder mejorar las funciones del sitio web. Estas cookies tambi\u00e9n nos permiten presentar al usuario publicidad personalizada y medir la eficacia de las funciones y la publicidad de nuestro sitio.<\/span><\/p>\t\t\t\t\t\t\t\t<\/div>\n\t\t\t\t<\/div>\n\t\t\t\t<div class=\"elementor-element elementor-element-c9ebce7 elementor-widget elementor-widget-heading\" data-id=\"c9ebce7\" data-element_type=\"widget\" data-e-type=\"widget\" data-widget_type=\"heading.default\">\n\t\t\t\t<div class=\"elementor-widget-container\">\n\t\t\t\t\t<h2 class=\"elementor-heading-title elementor-size-default\">\u00bfC\u00f3mo se utilizan las cookies con fines publicitarios?<\/h2>\t\t\t\t<\/div>\n\t\t\t\t<\/div>\n\t\t\t\t<div class=\"elementor-element elementor-element-75c1320 elementor-widget elementor-widget-text-editor\" data-id=\"75c1320\" data-element_type=\"widget\" data-e-type=\"widget\" data-widget_type=\"text-editor.default\">\n\t\t\t\t<div class=\"elementor-widget-container\">\n\t\t\t\t\t\t\t\t\t<p style=\"text-align: left; font-size: 22px; color: #02a8f4; font-family: 'Montserrat'; line-height: 100%; font-weight: 600; padding-left: 40px;\"><span style=\"color: black; font-family: Montserrat; font-size: 18px; font-weight: 300;\">Las cookies y otras tecnolog\u00edas utilizadas para colocar anuncios, como las balizas web, los p\u00edxeles y las etiquetas an\u00f3nimas y de red, nos ayudan a presentar al usuario anuncios pertinentes de manera m\u00e1s eficaz. Tambi\u00e9n nos ayudan a recompilar datos de auditor\u00eda agregados, estudios e informes de resultados para los anunciantes. Gracias a los p\u00edxeles, podemos conocer y mejorar la presentaci\u00f3n de anuncios al usuario y saber qu\u00e9 anuncios concretos ha visto. Dado que el navegador web del usuario puede solicitar anuncios y balizas web directamente a servidores de red publicitarios, dichas redes podr\u00e1n ver, modificar o configurar sus propias cookies, igual que si el usuario hubiera solicitado acceder a una p\u00e1gina web desde su sitio.<\/span><\/p><p style=\"text-align: left; font-size: 22px; color: #02a8f4; font-family: 'Montserrat'; line-height: 100%; font-weight: 600; padding-left: 40px;\"><span style=\"color: black; font-family: Montserrat; font-size: 18px; font-weight: 300;\">Aunque no utilizamos las cookies para crear perfiles web del comportamiento de los usuarios cuando navegan por sitios de terceros, s\u00ed empleamos datos agregados de terceros para mostrarle una publicidad personalizada de acuerdo con sus intereses. No facilitamos ning\u00fan dato personal recopilado a los anunciantes. El usuario puede desactivar la publicidad externa al sitio y la publicidad con informaci\u00f3n de terceros ajustando la configuraci\u00f3n de las cookies. Si desactiva la publicidad, esta no desaparecer\u00e1 de las p\u00e1ginas que visite, pero los anuncios que vea no estar\u00e1n personalizados de acuerdo con sus intereses, es decir, esas cookies espec\u00edficas no asociar\u00e1n los anuncios que vea con sus intereses.<\/span><\/p>\t\t\t\t\t\t\t\t<\/div>\n\t\t\t\t<\/div>\n\t\t\t\t<div class=\"elementor-element elementor-element-730bb37 elementor-widget elementor-widget-heading\" data-id=\"730bb37\" data-element_type=\"widget\" data-e-type=\"widget\" data-widget_type=\"heading.default\">\n\t\t\t\t<div class=\"elementor-widget-container\">\n\t\t\t\t\t<h2 class=\"elementor-heading-title elementor-size-default\">\u00bfC\u00f3mo se utilizan las cookies de terceros?<\/h2>\t\t\t\t<\/div>\n\t\t\t\t<\/div>\n\t\t\t\t<div class=\"elementor-element elementor-element-41586f8 elementor-widget elementor-widget-text-editor\" data-id=\"41586f8\" data-element_type=\"widget\" data-e-type=\"widget\" data-widget_type=\"text-editor.default\">\n\t\t\t\t<div class=\"elementor-widget-container\">\n\t\t\t\t\t\t\t\t\t<p style=\"text-align: left; font-size: 22px; color: #02a8f4; font-family: 'Montserrat'; line-height: 100%; font-weight: 600; padding-left: 40px;\"><span style=\"color: black; font-family: Montserrat; font-size: 18px; font-weight: 300;\">Para algunas de las funciones incluidas en nuestros sitios web, recurrimos a terceros proveedores. Por ejemplo, cuando el usuario visita una p\u00e1gina en la que se han insertado v\u00eddeos de YouTube o enlaces a estos. Dichos v\u00eddeos o enlaces (y cualquier otro contenido de otros proveedores) podr\u00edan incluir cookies de terceros. Por lo tanto, animamos a los usuarios a que consulten las pol\u00edticas de privacidad de estos en sus sitios web, para saber c\u00f3mo utilizan las cookies.<\/span><\/p>\t\t\t\t\t\t\t\t<\/div>\n\t\t\t\t<\/div>\n\t\t\t\t<div class=\"elementor-element elementor-element-a7b33d5 elementor-widget elementor-widget-heading\" data-id=\"a7b33d5\" data-element_type=\"widget\" data-e-type=\"widget\" data-widget_type=\"heading.default\">\n\t\t\t\t<div class=\"elementor-widget-container\">\n\t\t\t\t\t<h2 class=\"elementor-heading-title elementor-size-default\">\u00bfC\u00f3mo desactivar las Cookies?<\/h2>\t\t\t\t<\/div>\n\t\t\t\t<\/div>\n\t\t\t\t<div class=\"elementor-element elementor-element-9bbb263 elementor-widget elementor-widget-text-editor\" data-id=\"9bbb263\" data-element_type=\"widget\" data-e-type=\"widget\" data-widget_type=\"text-editor.default\">\n\t\t\t\t<div class=\"elementor-widget-container\">\n\t\t\t\t\t\t\t\t\t<p style=\"text-align: left; font-size: 22px; color: #02a8f4; font-family: 'Montserrat'; line-height: 100%; font-weight: 600; padding-left: 40px;\"><span style=\"color: black; font-family: Montserrat; font-size: 18px; font-weight: 300;\">Puede usted permitir, bloquear o eliminar las cookies instaladas en su equipo mediante la configuraci\u00f3n de las opciones del navegador instalado en su ordenador.<\/span><\/p>\n<p style=\"text-align: left; font-size: 22px; color: #02a8f4; font-family: 'Montserrat'; line-height: 100%; font-weight: 600; padding-left: 40px;\"><span style=\"color: black; font-family: Montserrat; font-size: 18px; font-weight: 300;\">A continuaci\u00f3n puede acceder a la configuraci\u00f3n de los navegadores webs m\u00e1s frecuentes para aceptar, instalar o desactivar las cookies:<\/span><\/p>\n<p style=\"font-size: 18px; color: black; font-family: 'Montserrat'; font-weight: 300; padding-left: 40px;\">\u25cf Firefox<\/p>\n<p style=\"font-size: 18px; color: black; font-family: 'Montserrat'; line-height: 10%; font-weight: 300; padding-left: 40px;\">\u25cf Safari<\/p>\n<p style=\"font-size: 18px; color: black; font-family: 'Montserrat'; font-weight: 300; padding-left: 40px;\">\u25cf Google Chrome<\/p>\n<p style=\"font-size: 18px; color: black; font-family: 'Montserrat'; font-weight: 300; padding-left: 40px;\">\u25cf Edge<\/p>\t\t\t\t\t\t\t\t<\/div>\n\t\t\t\t<\/div>\n\t\t\t\t<div class=\"elementor-element elementor-element-73d182d elementor-widget elementor-widget-heading\" data-id=\"73d182d\" data-element_type=\"widget\" data-e-type=\"widget\" data-widget_type=\"heading.default\">\n\t\t\t\t<div class=\"elementor-widget-container\">\n\t\t\t\t\t<h2 class=\"elementor-heading-title elementor-size-default\">\u00bfC\u00f3mo se rechazan y eliminan las cookies?<\/h2>\t\t\t\t<\/div>\n\t\t\t\t<\/div>\n\t\t\t\t<div class=\"elementor-element elementor-element-4bef7db elementor-widget elementor-widget-text-editor\" data-id=\"4bef7db\" data-element_type=\"widget\" data-e-type=\"widget\" data-widget_type=\"text-editor.default\">\n\t\t\t\t<div class=\"elementor-widget-container\">\n\t\t\t\t\t\t\t\t\t<p style=\"text-align: left; font-size: 22px; color: #02a8f4; font-family: 'Montserrat'; line-height: 100%; font-weight: 600; padding-left: 40px;\"><span style=\"color: black; font-family: Montserrat; font-size: 18px; font-weight: 300;\">El usuario puede optar por rechazar o bloquear todas las cookies o grupos espec\u00edficos de estas al visitar un sitio web de ddvc.mx, haciendo clic en las preferencias sobre cookies que figuran en nuestros sitios web. Podr\u00e1n modificar sus preferencias para el sitio web de ddvc.mx y\/o los sitios web de cualquier otro proveedor cambiando la configuraci\u00f3n del navegador. Tenga en cuenta que la mayor\u00eda de los navegadores aceptan las cookies de forma autom\u00e1tica. Por lo tanto, si no desea que se utilicen cookies, es posible que deba tomar alguna medida para eliminarlas o bloquearlas. Si el usuario declina el uso de cookies, podr\u00e1 visitar igualmente nuestros sitios web pero algunas de sus prestaciones podr\u00edan no funcionar correctamente. Si se utiliza el sitio web sin eliminar ni rechazar las cookies, el usuario acepta que podamos emplear las cookies que no se han eliminado ni rechazado en el dispositivo del usuario.<\/span><br><\/p>\t\t\t\t\t\t\t\t<\/div>\n\t\t\t\t<\/div>\n\t\t\t\t\t<\/div>\n\t\t<\/div>\n\t\t\t\t\t<\/div>\n\t\t<\/section>\n\t\t\t\t<\/div>\n\t\t","protected":false},"excerpt":{"rendered":"<p>Pol\u00edticas de cookies Usamos cookies propias y de terceros, y procesos similares para analizar el tr\u00e1fico, las estad\u00edsticas y la navegaci\u00f3n web; gestionar sesiones de usuario, contenido en redes sociales, contenidos publicitarios y no publicitarios, medir las preferencias de nuestros visitantes con el objetivo de desarrollar y mejorar. \u00bfQu\u00e9 es una cookie? Una cookie es un peque\u00f1o fichero de datos que un sitio web solicita&hellip; <\/p>\n","protected":false},"author":1,"featured_media":0,"parent":0,"menu_order":0,"comment_status":"closed","ping_status":"closed","template":"","meta":{"footnotes":""},"class_list":["post-2624","page","type-page","status-publish","hentry","clearfix"],"_links":{"self":[{"href":"https:\/\/ddvc.mx\/index.php\/wp-json\/wp\/v2\/pages\/2624","targetHints":{"allow":["GET"]}}],"collection":[{"href":"https:\/\/ddvc.mx\/index.php\/wp-json\/wp\/v2\/pages"}],"about":[{"href":"https:\/\/ddvc.mx\/index.php\/wp-json\/wp\/v2\/types\/page"}],"author":[{"embeddable":true,"href":"https:\/\/ddvc.mx\/index.php\/wp-json\/wp\/v2\/users\/1"}],"replies":[{"embeddable":true,"href":"https:\/\/ddvc.mx\/index.php\/wp-json\/wp\/v2\/comments?post=2624"}],"version-history":[{"count":30,"href":"https:\/\/ddvc.mx\/index.php\/wp-json\/wp\/v2\/pages\/2624\/revisions"}],"predecessor-version":[{"id":2658,"href":"https:\/\/ddvc.mx\/index.php\/wp-json\/wp\/v2\/pages\/2624\/revisions\/2658"}],"wp:attachment":[{"href":"https:\/\/ddvc.mx\/index.php\/wp-json\/wp\/v2\/media?parent=2624"}],"curies":[{"name":"wp","href":"https:\/\/api.w.org\/{rel}","templated":true}]}}