{"id":3,"date":"2022-09-21T23:25:33","date_gmt":"2022-09-21T23:25:33","guid":{"rendered":"https:\/\/ddvc.mx\/?page_id=3"},"modified":"2023-03-10T20:28:02","modified_gmt":"2023-03-10T20:28:02","slug":"aviso-de-privacidad","status":"publish","type":"page","link":"https:\/\/ddvc.mx\/index.php\/aviso-de-privacidad\/","title":{"rendered":"Aviso de privacidad"},"content":{"rendered":"\t\t<div data-elementor-type=\"wp-page\" data-elementor-id=\"3\" class=\"elementor elementor-3\">\n\t\t\t\t\t\t<section class=\"elementor-section elementor-top-section elementor-element elementor-element-b1f7519 elementor-section-boxed elementor-section-height-default elementor-section-height-default\" data-id=\"b1f7519\" data-element_type=\"section\" data-e-type=\"section\">\n\t\t\t\t\t\t<div class=\"elementor-container elementor-column-gap-default\">\n\t\t\t\t\t<div class=\"elementor-column elementor-col-100 elementor-top-column elementor-element elementor-element-5da39e0\" data-id=\"5da39e0\" data-element_type=\"column\" data-e-type=\"column\">\n\t\t\t<div class=\"elementor-widget-wrap elementor-element-populated\">\n\t\t\t\t\t\t<div class=\"elementor-element elementor-element-e15c02b elementor-widget elementor-widget-text-editor\" data-id=\"e15c02b\" data-element_type=\"widget\" data-e-type=\"widget\" data-widget_type=\"text-editor.default\">\n\t\t\t\t<div class=\"elementor-widget-container\">\n\t\t\t\t\t\t\t\t\t<h1 style=\"text-align: center;\"><strong><span style=\"color: #0155a3; font-size: 50px; font-family: Montserrat;\">Aviso de<\/span><\/strong><\/h1>\t\t\t\t\t\t\t\t<\/div>\n\t\t\t\t<\/div>\n\t\t\t\t<div class=\"elementor-element elementor-element-05ad675 elementor-widget elementor-widget-text-editor\" data-id=\"05ad675\" data-element_type=\"widget\" data-e-type=\"widget\" data-widget_type=\"text-editor.default\">\n\t\t\t\t<div class=\"elementor-widget-container\">\n\t\t\t\t\t\t\t\t\t<h1 style=\"text-align: center;\"><strong><span style=\"color: #02a8f4; font-size: 50px; font-family: Montserrat;\">privacidad<\/span><\/strong><\/h1>\t\t\t\t\t\t\t\t<\/div>\n\t\t\t\t<\/div>\n\t\t\t\t<div class=\"elementor-element elementor-element-3e268e4 elementor-widget elementor-widget-text-editor\" data-id=\"3e268e4\" data-element_type=\"widget\" data-e-type=\"widget\" data-widget_type=\"text-editor.default\">\n\t\t\t\t<div class=\"elementor-widget-container\">\n\t\t\t\t\t\t\t\t\t<p style=\"font-size: 18px; color: black; font-family: Montserrat; line-height: 100%; font-weight: 300;\">Este documento describe la <strong>forma en que recabamos y usamos los datos personales que usted nos brinda. Tambi\u00e9n describe que tipo de datos son y que opciones tiene para limitar el uso de dichos datos, as\u00ed como el procedimiento para ejercer sus derechos ARCO<\/strong>.<\/p>\t\t\t\t\t\t\t\t<\/div>\n\t\t\t\t<\/div>\n\t\t\t\t<div class=\"elementor-element elementor-element-a996e92 elementor-widget-divider--view-line elementor-widget elementor-widget-divider\" data-id=\"a996e92\" data-element_type=\"widget\" data-e-type=\"widget\" data-widget_type=\"divider.default\">\n\t\t\t\t<div class=\"elementor-widget-container\">\n\t\t\t\t\t\t\t<div class=\"elementor-divider\">\n\t\t\t<span class=\"elementor-divider-separator\">\n\t\t\t\t\t\t<\/span>\n\t\t<\/div>\n\t\t\t\t\t\t<\/div>\n\t\t\t\t<\/div>\n\t\t\t\t<div class=\"elementor-element elementor-element-8cb46f1 elementor-widget elementor-widget-text-editor\" data-id=\"8cb46f1\" data-element_type=\"widget\" data-e-type=\"widget\" data-widget_type=\"text-editor.default\">\n\t\t\t\t<div class=\"elementor-widget-container\">\n\t\t\t\t\t\t\t\t\t<p style=\"text-align: left; font-size: 22px; color: black; font-family: 'Montserrat'; line-height: 100%; font-weight: 600; padding-left: 40px;\">1) Responsable de la protecci\u00f3n de sus datos personales<\/p>\n<p style=\"font-size: 18px; color: black; font-family: Montserrat; line-height: 100%; font-weight: 300;\"><strong>Deposito Dental Villa de Cortes S.A. de C.V. , <\/strong>con domicilio en<strong> Calzada de Tlalpan 836, Villa de Cortes Ciudad de Mexico, Distrito Federal 03530, M\u00e9xico, <\/strong>es responsable del tratamiento (uso) de sus datos personales.<\/p>\t\t\t\t\t\t\t\t<\/div>\n\t\t\t\t<\/div>\n\t\t\t\t<div class=\"elementor-element elementor-element-34b373a elementor-widget-divider--view-line elementor-widget elementor-widget-divider\" data-id=\"34b373a\" data-element_type=\"widget\" data-e-type=\"widget\" data-widget_type=\"divider.default\">\n\t\t\t\t<div class=\"elementor-widget-container\">\n\t\t\t\t\t\t\t<div class=\"elementor-divider\">\n\t\t\t<span class=\"elementor-divider-separator\">\n\t\t\t\t\t\t<\/span>\n\t\t<\/div>\n\t\t\t\t\t\t<\/div>\n\t\t\t\t<\/div>\n\t\t\t\t<div class=\"elementor-element elementor-element-ca1616b elementor-widget elementor-widget-text-editor\" data-id=\"ca1616b\" data-element_type=\"widget\" data-e-type=\"widget\" data-widget_type=\"text-editor.default\">\n\t\t\t\t<div class=\"elementor-widget-container\">\n\t\t\t\t\t\t\t\t\t<p style=\"text-align: left; font-size: 22px; color: black; font-family: 'Montserrat'; line-height: 100%; font-weight: 600; padding-left: 40px;\">2) Nuestro Departamento de Protecci\u00f3n de Datos<\/p>\n<p style=\"font-size: 18px; color: black; font-family: 'Montserrat'; font-weight: 300; padding-left: 40px;\">\u25cf <strong>Jefe del Departamento:<\/strong> Cesar Valdivia<\/p>\n<p style=\"font-size: 18px; color: black; font-family: 'Montserrat'; font-weight: 300; padding-left: 40px;\">\u25cf <strong>Domicilio:<\/strong> : Calzada de Tlalpan 836, Villa de Cortes Ciudad de Mexico, Distrito Federal 03530<\/p>\n<p style=\"font-size: 18px; color: black; font-family: 'Montserrat'; font-weight: 300; padding-left: 40px;\">\u25cf <strong>Correo electr\u00f3nico: <\/strong><span style=\"color: #000080;\"><a style=\"color: #000080;\" href=\"mailto:cvsistemas@ddvc.mx\">cvsistemas@ddvc.mx<\/a><\/span><\/p>\n<p style=\"font-size: 18px; color: black; font-family: 'Montserrat'; font-weight: 300; padding-left: 40px;\"><strong>\u25cf Tel\u00e9fono:<\/strong> 5556980060<\/p>\t\t\t\t\t\t\t\t<\/div>\n\t\t\t\t<\/div>\n\t\t\t\t<div class=\"elementor-element elementor-element-0e7064f elementor-widget-divider--view-line elementor-widget elementor-widget-divider\" data-id=\"0e7064f\" data-element_type=\"widget\" data-e-type=\"widget\" data-widget_type=\"divider.default\">\n\t\t\t\t<div class=\"elementor-widget-container\">\n\t\t\t\t\t\t\t<div class=\"elementor-divider\">\n\t\t\t<span class=\"elementor-divider-separator\">\n\t\t\t\t\t\t<\/span>\n\t\t<\/div>\n\t\t\t\t\t\t<\/div>\n\t\t\t\t<\/div>\n\t\t\t\t<div class=\"elementor-element elementor-element-a97322b elementor-widget elementor-widget-text-editor\" data-id=\"a97322b\" data-element_type=\"widget\" data-e-type=\"widget\" data-widget_type=\"text-editor.default\">\n\t\t\t\t<div class=\"elementor-widget-container\">\n\t\t\t\t\t\t\t\t\t<p style=\"text-align: left; font-size: 22px; color: black; font-family: 'Montserrat'; line-height: 100%; font-weight: 600; padding-left: 40px;\">3) \u00bfPara qu\u00e9 fines recabamos y utilizamos sus datos personales?<\/p>\n<p style=\"font-size: 18px; color: black; font-family: Montserrat; font-weight: 300;\">Sus datos personales ser\u00e1n utilizados para las siguientes finalidades:<\/p>\n<p style=\"font-size: 18px; color: black; font-family: 'Montserrat'; font-weight: 300; padding-left: 40px;\">\u25cf Proveer los productos solicitados.<\/p>\n<p style=\"font-size: 18px; color: black; font-family: 'Montserrat'; font-weight: 300; padding-left: 40px;\">\u25cf Proveer los servicios solicitados y\/o contratados.<\/p>\n<p style=\"font-size: 18px; color: black; font-family: 'Montserrat'; font-weight: 300; padding-left: 40px;\">\u25cf Responder a sus requerimientos de informaci\u00f3n, atenci\u00f3n y servicio. Gesti\u00f3n financiera, facturaci\u00f3n y cobro.<\/p>\n<p style=\"font-size: 18px; color: black; font-family: Montserrat; font-weight: 300;\">Adicionalmente, sus datos personales podr\u00e1n ser utilizados para:<\/p>\n<p style=\"font-size: 18px; color: black; font-family: 'Montserrat'; font-weight: 300; padding-left: 40px;\">\u25cf Promoci\u00f3n y mercadeo de productos y servicios.<\/p>\n<p style=\"font-size: 18px; color: black; font-family: 'Montserrat'; font-weight: 300; padding-left: 40px;\">\u25cf Ofrecerle nuevos productos y servicios a la medida de sus intereses y necesidades.<\/p>\t\t\t\t\t\t\t\t<\/div>\n\t\t\t\t<\/div>\n\t\t\t\t<div class=\"elementor-element elementor-element-b90ddca elementor-widget-divider--view-line elementor-widget elementor-widget-divider\" data-id=\"b90ddca\" data-element_type=\"widget\" data-e-type=\"widget\" data-widget_type=\"divider.default\">\n\t\t\t\t<div class=\"elementor-widget-container\">\n\t\t\t\t\t\t\t<div class=\"elementor-divider\">\n\t\t\t<span class=\"elementor-divider-separator\">\n\t\t\t\t\t\t<\/span>\n\t\t<\/div>\n\t\t\t\t\t\t<\/div>\n\t\t\t\t<\/div>\n\t\t\t\t<div class=\"elementor-element elementor-element-26c527a elementor-widget elementor-widget-text-editor\" data-id=\"26c527a\" data-element_type=\"widget\" data-e-type=\"widget\" data-widget_type=\"text-editor.default\">\n\t\t\t\t<div class=\"elementor-widget-container\">\n\t\t\t\t\t\t\t\t\t<p style=\"text-align: left; font-size: 22px; color: black; font-family: 'Montserrat'; line-height: 100%; font-weight: 600; padding-left: 40px;\">4) \u00bfQu\u00e9 datos personales obtenemos y de d\u00f3nde?<\/p>\n<p style=\"font-size: 18px; color: black; font-family: Montserrat; font-weight: 300;\">Para las finalidades se\u00f1aladas anteriormente podemos recabar sus datos personales de distintas formas:<\/p>\n<p style=\"font-size: 18px; color: black; font-family: 'Montserrat'; font-weight: 300; padding-left: 40px;\">\u25cf Cuando visita nuestro sitio de Internet o utiliza nuestros servicios en l\u00ednea<\/p>\n<p style=\"font-size: 18px; color: black; font-family: 'Montserrat'; line-height: 10%; font-weight: 300; padding-left: 40px;\">\u25cf Por tel\u00e9fono o fax.<\/p>\n<p style=\"font-size: 18px; color: black; font-family: 'Montserrat'; font-weight: 300; padding-left: 40px;\">\u25cf Cuando usted nos los proporciona personalmente.<\/p>\n<p style=\"font-size: 18px; color: black; font-family: 'Montserrat'; font-weight: 300; padding-left: 40px;\">\u25cf Cuando obtenemos informaci\u00f3n a trav\u00e9s de otras fuentes de acceso p\u00fablico que est\u00e1n permitidas por la ley (Directorios telef\u00f3nicos o laborales, sitios web, etc).<\/p>\n<p style=\"font-size: 18px; color: black; font-family: Montserrat; font-weight: 300;\"><strong>Datos personales que recabamos<\/strong><\/p>\n<p style=\"font-size: 18px; color: black; font-family: 'Montserrat'; font-weight: 300; padding-left: 40px;\">\u25cf Informaci\u00f3n de contacto (Nombre, Email, Direcci\u00f3n, Tel\u00e9fono, Celular, Fax).<\/p>\n<p style=\"font-size: 18px; color: black; font-family: 'Montserrat'; font-weight: 300; padding-left: 40px;\">\u25cf Documentaci\u00f3n de identidad (Credencial de Elector, Pasaporte, Licencia de Manejo, Cartilla o C\u00e9dula Profesional).<\/p>\n<p style=\"font-size: 18px; color: black; font-family: 'Montserrat'; font-weight: 300; padding-left: 40px;\">\u25cf Informaci\u00f3n financiera y medios de pago (Tarjeta de cr\u00e9dito, d\u00e9bito, cheques).<\/p>\n<p style=\"font-size: 18px; color: black; font-family: 'Montserrat'; font-weight: 300; padding-left: 40px;\">\u25cf Informaci\u00f3n Fiscal (RFC, Direcci\u00f3n de Facturaci\u00f3n).<\/p>\n<p style=\"font-size: 18px; color: black; font-family: 'Montserrat'; font-weight: 300; padding-left: 40px;\">\u25cf Identificaci\u00f3n en Redes Sociales (Facebook, Twitter, LinkedIn, Google+).<\/p>\t\t\t\t\t\t\t\t<\/div>\n\t\t\t\t<\/div>\n\t\t\t\t<div class=\"elementor-element elementor-element-5dceece elementor-widget-divider--view-line elementor-widget elementor-widget-divider\" data-id=\"5dceece\" data-element_type=\"widget\" data-e-type=\"widget\" data-widget_type=\"divider.default\">\n\t\t\t\t<div class=\"elementor-widget-container\">\n\t\t\t\t\t\t\t<div class=\"elementor-divider\">\n\t\t\t<span class=\"elementor-divider-separator\">\n\t\t\t\t\t\t<\/span>\n\t\t<\/div>\n\t\t\t\t\t\t<\/div>\n\t\t\t\t<\/div>\n\t\t\t\t<div class=\"elementor-element elementor-element-f005bee elementor-widget elementor-widget-text-editor\" data-id=\"f005bee\" data-element_type=\"widget\" data-e-type=\"widget\" data-widget_type=\"text-editor.default\">\n\t\t\t\t<div class=\"elementor-widget-container\">\n\t\t\t\t\t\t\t\t\t<p style=\"text-align: left; font-size: 22px; color: black; font-family: 'Montserrat'; line-height: 100%; font-weight: 600; padding-left: 40px;\">5) \u00bfC\u00f3mo Acceder, Rectificar, Cancelar u Oponerse al uso y tratamiento de sus datos personales (Derechos ARCO) o revocar su consentimiento para el tratamiento sus datos?<\/p>\n<p style=\"font-size: 18px; color: black; font-family: Montserrat; line-height: 100%; font-weight: 300;\">Usted tiene derecho constitucional de <strong>Acceder<\/strong> y conocer los datos personales que poseemos y a los detalles del tratamiento y uso de los mismos, as\u00ed como a <strong>Rectificarlos<\/strong> y corregirlos en caso de ser inexactos o incompletos; <strong>Cancelarlos<\/strong> y eliminarlos cuando considere que no se requieren para alguna de las finalidades se\u00f1alados en el presente aviso de privacidad, o que est\u00e9n siendo utilizados para finalidades no autorizadas por usted o haya finalizado la relaci\u00f3n contractual o de servicio, o bien, <strong>Oponerse<\/strong> al tratamiento de los mismos para fines espec\u00edficos.<\/p>\n<p style=\"font-size: 18px; color: black; font-family: Montserrat; line-height: 100%; font-weight: 300;\"><strong>Los mecanismos implementados para el ejercicio expedito de sus Derechos ARCO, as\u00ed como los plazos, informaci\u00f3n y documentaci\u00f3n que debe contener su solicitud se encuentran en:<\/strong> <a href=\"http:\/\/ar.prodato.mx\/113683533\" target=\"_blank\" rel=\"noopener\">http:\/\/ar.prodato.mx\/113683533<\/a> Si desea mayor informaci\u00f3n, favor de comunicarse a nuestro <strong>Departamento de Protecci\u00f3n de Datos.<\/strong><\/p>\n<p style=\"font-size: 20px; color: black; font-family: Montserrat; line-height: 100%; font-weight: bold;\">\u00bfC\u00f3mo puede limitar el uso divulgaci\u00f3n de sus datos personales?<\/p>\n<p style=\"font-size: 18px; color: black; font-family: Montserrat; line-height: 100%; font-weight: 300;\">Si usted desea dejar de recibir mensajes de nuestra parte que no sean indispensables para brindarle los servicios se\u00f1alados, env\u00ede su solicitud a nuestro <strong>Departamento de Protecci\u00f3n de Datos Personales:<\/strong> <a href=\"http:\/\/ar.prodato.mx\/113683533\" target=\"_blank\" rel=\"noopener\">http:\/\/ar.prodato.mx\/113683533<\/a><\/p>\n<p style=\"font-size: 20px; color: black; font-family: Montserrat; line-height: 100%; font-weight: bold;\">\u00bfC\u00f3mo revocar el consentimiento para el tratamiento de sus datos personales?<\/p>\n<p style=\"font-size: 18px; color: black; font-family: Montserrat; line-height: 100%; font-weight: 300;\">Si usted desea revocar el consentimiento que nos otorg\u00f3 para el uso de sus datos personales, env\u00ede su solicitud a nuestro <strong>Departamento de Protecci\u00f3n de Datos Personales:<\/strong> <a href=\"http:\/\/ar.prodato.mx\/113683533\" target=\"_blank\" rel=\"noopener\">http:\/\/ar.prodato.mx\/113683533<\/a><\/p>\t\t\t\t\t\t\t\t<\/div>\n\t\t\t\t<\/div>\n\t\t\t\t<div class=\"elementor-element elementor-element-c69466b elementor-widget-divider--view-line elementor-widget elementor-widget-divider\" data-id=\"c69466b\" data-element_type=\"widget\" data-e-type=\"widget\" data-widget_type=\"divider.default\">\n\t\t\t\t<div class=\"elementor-widget-container\">\n\t\t\t\t\t\t\t<div class=\"elementor-divider\">\n\t\t\t<span class=\"elementor-divider-separator\">\n\t\t\t\t\t\t<\/span>\n\t\t<\/div>\n\t\t\t\t\t\t<\/div>\n\t\t\t\t<\/div>\n\t\t\t\t<div class=\"elementor-element elementor-element-58ed2ea elementor-widget elementor-widget-text-editor\" data-id=\"58ed2ea\" data-element_type=\"widget\" data-e-type=\"widget\" data-widget_type=\"text-editor.default\">\n\t\t\t\t<div class=\"elementor-widget-container\">\n\t\t\t\t\t\t\t\t\t<p style=\"text-align: left; font-size: 22px; color: black; font-family: 'Montserrat'; line-height: 100%; font-weight: 600; padding-left: 40px;\">6) Transferencia de datos personales<\/p>\n<p style=\"font-size: 18px; color: black; font-family: Montserrat; line-height: 100%; font-weight: 300;\">Sus datos personales no ser\u00e1n <strong>Transferidos<\/strong> a terceras personas o empresas. Para cumplir con las finalidades establecidas en este Aviso de Privacidad, podr\u00e1n ser \u00fanicamente <strong>Remitidos<\/strong> a personas o empresas que tengan el car\u00e1cter de <strong>Encargados<\/strong>.<\/p>\t\t\t\t\t\t\t\t<\/div>\n\t\t\t\t<\/div>\n\t\t\t\t<div class=\"elementor-element elementor-element-bbf5b2d elementor-widget-divider--view-line elementor-widget elementor-widget-divider\" data-id=\"bbf5b2d\" data-element_type=\"widget\" data-e-type=\"widget\" data-widget_type=\"divider.default\">\n\t\t\t\t<div class=\"elementor-widget-container\">\n\t\t\t\t\t\t\t<div class=\"elementor-divider\">\n\t\t\t<span class=\"elementor-divider-separator\">\n\t\t\t\t\t\t<\/span>\n\t\t<\/div>\n\t\t\t\t\t\t<\/div>\n\t\t\t\t<\/div>\n\t\t\t\t<div class=\"elementor-element elementor-element-4022af5 elementor-widget elementor-widget-text-editor\" data-id=\"4022af5\" data-element_type=\"widget\" data-e-type=\"widget\" data-widget_type=\"text-editor.default\">\n\t\t\t\t<div class=\"elementor-widget-container\">\n\t\t\t\t\t\t\t\t\t<p style=\"text-align: left; font-size: 22px; color: black; font-family: 'Montserrat'; line-height: 100%; font-weight: 600; padding-left: 40px;\">7) Modificaciones al aviso de privacidad<\/p>\n<p style=\"font-size: 18px; color: black; font-family: Montserrat; line-height: 100%; font-weight: 300;\">Nos reservamos el derecho de efectuar en cualquier momento modificaciones o actualizaciones al presente Aviso de Privacidad, para la atenci\u00f3n de novedades legislativas, pol\u00edticas internas o nuevos requerimientos para la prestaci\u00f3n u ofrecimiento de nuestros servicios o productos. Estas modificaciones estar\u00e1n disponibles al p\u00fablico en la direcci\u00f3n web: <a href=\"http:\/\/ap.prodato.mx\/113683533\" target=\"_blank\" rel=\"noopener\">http:\/\/ap.prodato.mx\/113683533<\/a><\/p>\t\t\t\t\t\t\t\t<\/div>\n\t\t\t\t<\/div>\n\t\t\t\t<div class=\"elementor-element elementor-element-f0d21d9 elementor-widget-divider--view-line elementor-widget elementor-widget-divider\" data-id=\"f0d21d9\" data-element_type=\"widget\" data-e-type=\"widget\" data-widget_type=\"divider.default\">\n\t\t\t\t<div class=\"elementor-widget-container\">\n\t\t\t\t\t\t\t<div class=\"elementor-divider\">\n\t\t\t<span class=\"elementor-divider-separator\">\n\t\t\t\t\t\t<\/span>\n\t\t<\/div>\n\t\t\t\t\t\t<\/div>\n\t\t\t\t<\/div>\n\t\t\t\t<div class=\"elementor-element elementor-element-223b43c elementor-widget elementor-widget-text-editor\" data-id=\"223b43c\" data-element_type=\"widget\" data-e-type=\"widget\" data-widget_type=\"text-editor.default\">\n\t\t\t\t<div class=\"elementor-widget-container\">\n\t\t\t\t\t\t\t\t\t<p style=\"text-align: left; font-size: 22px; color: black; font-family: 'Montserrat'; line-height: 100%; font-weight: 600;\">Uso de cookies, web beacons y JavaScript<\/p>\n<p style=\"font-size: 18px; color: black; font-family: Montserrat; line-height: 100%; font-weight: 300;\">Las cookies son una peque\u00f1a pieza de informaci\u00f3n enviada autom\u00e1ticamente por nuestro sitio web, las cuales son almacenadas en su navegador. De esta manera el sitio web puede consultar dicha informaci\u00f3n para conocer la actividad previa del usuario y agilizar algunos procedimientos como mantener la sesi\u00f3n o identificar que secciones del sitio ya visit\u00f3.<\/p>\n<p style=\"font-size: 18px; color: black; font-family: Montserrat; line-height: 100%; font-weight: 300;\">Las web beacons en conjunto con los JavaScripts de m\u00e9tricas web permiten almacenar informaci\u00f3n sobre los patrones de uso de nuestro sitio web. Le informamos que utilizamos esas herramientas para obtener informaci\u00f3n estad\u00edstica como la siguiente:<\/p>\n<p style=\"font-size: 18px; color: black; font-family: 'Montserrat'; font-weight: 300; padding-left: 40px;\">\u25cf Tipo de navegador y sistema operativo.<\/p>\n<p style=\"font-size: 18px; color: black; font-family: 'Montserrat'; font-weight: 300; padding-left: 40px;\">\u25cf Las p\u00e1ginas de Internet consultadas.<\/p>\n<p style=\"font-size: 18px; color: black; font-family: 'Montserrat'; font-weight: 300; padding-left: 40px;\">\u25cf Origen de la visita.<\/p>\n<p style=\"font-size: 18px; color: black; font-family: 'Montserrat';font-weight: 300; padding-left: 40px;\">\u25cf La direcci\u00f3n IP de acceso.<\/p>\n<p style=\"font-size: 18px; color: black; font-family: 'Montserrat';font-weight: 300; padding-left: 40px;\">\u25cf Tiempo de permanencia en nuestro sitio.<\/p>\n<p style=\"font-size: 18px; color: black; font-family: 'Montserrat';font-weight: 300; padding-left: 40px;\">\u25cf Entre otros datos estad\u00edsticos.<\/p>\n<p style=\"font-size: 18px; color: black; font-family: Montserrat; line-height: 100%; font-weight: 300;\">Las cookies, el JavaScript y otras tecnolog\u00edas de seguimiento y rastreo pueden ser deshabilitadas, sin embargo, desactivarlas puede generar que el sitio web o algunas de sus funcionalidades no se desempe\u00f1en adecuadamente.<\/p>\t\t\t\t\t\t\t\t<\/div>\n\t\t\t\t<\/div>\n\t\t\t\t<div class=\"elementor-element elementor-element-1cb444a elementor-widget-divider--view-line elementor-widget elementor-widget-divider\" data-id=\"1cb444a\" data-element_type=\"widget\" data-e-type=\"widget\" data-widget_type=\"divider.default\">\n\t\t\t\t<div class=\"elementor-widget-container\">\n\t\t\t\t\t\t\t<div class=\"elementor-divider\">\n\t\t\t<span class=\"elementor-divider-separator\">\n\t\t\t\t\t\t<\/span>\n\t\t<\/div>\n\t\t\t\t\t\t<\/div>\n\t\t\t\t<\/div>\n\t\t\t\t<div class=\"elementor-element elementor-element-401c39c elementor-widget elementor-widget-text-editor\" data-id=\"401c39c\" data-element_type=\"widget\" data-e-type=\"widget\" data-widget_type=\"text-editor.default\">\n\t\t\t\t<div class=\"elementor-widget-container\">\n\t\t\t\t\t\t\t\t\t<p style=\"text-align: left; font-size: 22px; color: black; font-family: 'Montserrat'; line-height: 100%; font-weight: 600; padding-left: 40px;\">8) \u00bfAnte qui\u00e9n puede presentar sus quejas y denuncias por el tratamiento indebido de sus datos personales?<\/p>\n<p style=\"font-size: 18px; color: black; font-family: Montserrat; line-height: 100%; font-weight: 300;\">Si despu\u00e9s de haber ejercido sus <strong>Derechos ARCO<\/strong> ante <strong>Deposito Dental Villa de Cortes S.A. de C.V.<\/strong> por medio de los mecanismos establecidos en este <strong>Aviso de Privacidad<\/strong>, usted considera que la respuesta ha sido insatisfactoria o incompleta; o presume que su derecho de protecci\u00f3n de datos personales ha sido lesionado por alguna conducta o acci\u00f3n de nuestra parte; o cuenta con evidencia de que en el tratamiento de sus datos personales existe alguna violaci\u00f3n a las disposiciones previstas en la <strong>Ley Federal de Protecci\u00f3n de Datos Personales en Posesi\u00f3n de los Particulares<\/strong>, podr\u00e1 interponer la queja o denuncia correspondiente ante el IFAI. Para mayor informaci\u00f3n visite: <a href=\"http:\/\/www.ifai.org.mx\" target=\"_blank\" rel=\"noopener\">www.ifai.org.mx<\/a><\/p>\t\t\t\t\t\t\t\t<\/div>\n\t\t\t\t<\/div>\n\t\t\t\t\t<\/div>\n\t\t<\/div>\n\t\t\t\t\t<\/div>\n\t\t<\/section>\n\t\t\t\t<\/div>\n\t\t","protected":false},"excerpt":{"rendered":"<p>Aviso de privacidad Este documento describe la forma en que recabamos y usamos los datos personales que usted nos brinda. Tambi\u00e9n describe que tipo de datos son y que opciones tiene para limitar el uso de dichos datos, as\u00ed como el procedimiento para ejercer sus derechos ARCO. 1) Responsable de la protecci\u00f3n de sus datos personales Deposito Dental Villa de Cortes S.A. de C.V. ,&hellip; <\/p>\n","protected":false},"author":1,"featured_media":0,"parent":0,"menu_order":0,"comment_status":"closed","ping_status":"closed","template":"","meta":{"footnotes":""},"class_list":["post-3","page","type-page","status-publish","hentry","clearfix"],"_links":{"self":[{"href":"https:\/\/ddvc.mx\/index.php\/wp-json\/wp\/v2\/pages\/3","targetHints":{"allow":["GET"]}}],"collection":[{"href":"https:\/\/ddvc.mx\/index.php\/wp-json\/wp\/v2\/pages"}],"about":[{"href":"https:\/\/ddvc.mx\/index.php\/wp-json\/wp\/v2\/types\/page"}],"author":[{"embeddable":true,"href":"https:\/\/ddvc.mx\/index.php\/wp-json\/wp\/v2\/users\/1"}],"replies":[{"embeddable":true,"href":"https:\/\/ddvc.mx\/index.php\/wp-json\/wp\/v2\/comments?post=3"}],"version-history":[{"count":89,"href":"https:\/\/ddvc.mx\/index.php\/wp-json\/wp\/v2\/pages\/3\/revisions"}],"predecessor-version":[{"id":1640,"href":"https:\/\/ddvc.mx\/index.php\/wp-json\/wp\/v2\/pages\/3\/revisions\/1640"}],"wp:attachment":[{"href":"https:\/\/ddvc.mx\/index.php\/wp-json\/wp\/v2\/media?parent=3"}],"curies":[{"name":"wp","href":"https:\/\/api.w.org\/{rel}","templated":true}]}}